{"id":3568,"date":"2023-01-12T14:42:05","date_gmt":"2023-01-12T07:42:05","guid":{"rendered":"http:\/\/localhost:8088\/kanedu\/?page_id=3568"},"modified":"2023-02-02T16:31:31","modified_gmt":"2023-02-02T09:31:31","slug":"dat-lich-hen","status":"publish","type":"page","link":"https:\/\/kan.edu.vn\/en\/dat-lich-hen\/","title":{"rendered":"MAKE AN APPOINTMENT"},"content":{"rendered":"<div data-elementor-type=\"wp-page\" data-elementor-id=\"3568\" class=\"elementor elementor-3568\">\n\t\t\t\t\t\t\t\t\t<section class=\"elementor-section elementor-top-section elementor-element elementor-element-d56e577 elementor-section-boxed elementor-section-height-default elementor-section-height-default\" data-id=\"d56e577\" data-element_type=\"section\">\n\t\t\t\t\t\t<div class=\"elementor-container elementor-column-gap-default\">\n\t\t\t\t\t<div class=\"elementor-column elementor-col-100 elementor-top-column elementor-element elementor-element-acf9260\" data-id=\"acf9260\" data-element_type=\"column\">\n\t\t\t<div class=\"elementor-widget-wrap elementor-element-populated\">\n\t\t\t\t\t\t\t\t<div class=\"elementor-element elementor-element-fd387d9 elementor-widget elementor-widget-heading\" data-id=\"fd387d9\" data-element_type=\"widget\" data-widget_type=\"heading.default\">\n\t\t\t\t<div class=\"elementor-widget-container\">\n\t\t\t<style>\/*! elementor - v3.9.0 - 06-12-2022 *\/\n.elementor-heading-title{padding:0;margin:0;line-height:1}.elementor-widget-heading .elementor-heading-title[class*=elementor-size-]>a{color:inherit;font-size:inherit;line-height:inherit}.elementor-widget-heading .elementor-heading-title.elementor-size-small{font-size:15px}.elementor-widget-heading .elementor-heading-title.elementor-size-medium{font-size:19px}.elementor-widget-heading .elementor-heading-title.elementor-size-large{font-size:29px}.elementor-widget-heading .elementor-heading-title.elementor-size-xl{font-size:39px}.elementor-widget-heading .elementor-heading-title.elementor-size-xxl{font-size:59px}<\/style><h2 class=\"elementor-heading-title elementor-size-default\">Kan Academy tr\u1ea3 l\u1eddi t\u1ea5t c\u1ea3 c\u00e1c c\u00e2u h\u1ecfi c\u1ee7a b\u1ea1n<\/h2>\t\t<\/div>\n\t\t\t\t<\/div>\n\t\t\t\t\t<\/div>\n\t\t<\/div>\n\t\t\t\t\t\t\t<\/div>\n\t\t<\/section>\n\t\t\t\t<section class=\"elementor-section elementor-top-section elementor-element elementor-element-512ca7c elementor-section-boxed elementor-section-height-default elementor-section-height-default\" data-id=\"512ca7c\" data-element_type=\"section\">\n\t\t\t\t\t\t<div class=\"elementor-container elementor-column-gap-default\">\n\t\t\t\t\t<div class=\"elementor-column elementor-col-100 elementor-top-column elementor-element elementor-element-bc85691\" data-id=\"bc85691\" data-element_type=\"column\">\n\t\t\t<div class=\"elementor-widget-wrap elementor-element-populated\">\n\t\t\t\t\t\t\t\t<div class=\"elementor-element elementor-element-90fcd76 elementor-widget elementor-widget-text-editor\" data-id=\"90fcd76\" data-element_type=\"widget\" data-widget_type=\"text-editor.default\">\n\t\t\t\t<div class=\"elementor-widget-container\">\n\t\t\t<style>\/*! elementor - v3.9.0 - 06-12-2022 *\/\n.elementor-widget-text-editor.elementor-drop-cap-view-stacked .elementor-drop-cap{background-color:#818a91;color:#fff}.elementor-widget-text-editor.elementor-drop-cap-view-framed .elementor-drop-cap{color:#818a91;border:3px solid;background-color:transparent}.elementor-widget-text-editor:not(.elementor-drop-cap-view-default) .elementor-drop-cap{margin-top:8px}.elementor-widget-text-editor:not(.elementor-drop-cap-view-default) .elementor-drop-cap-letter{width:1em;height:1em}.elementor-widget-text-editor .elementor-drop-cap{float:left;text-align:center;line-height:1;font-size:50px}.elementor-widget-text-editor .elementor-drop-cap-letter{display:inline-block}<\/style>\t\t\t\t<p>C\u00e1c cu\u1ed9c h\u1eb9n \u0111\u01b0\u1ee3c d\u00e0nh cho kh\u00f3a \u0111\u00e0o t\u1ea1o c\u1ee7a H\u1ecdc vi\u1ec7n Kan Academy. Ch\u00fang t\u00f4i kh\u00f4ng x\u1eed l\u00fd c\u00e1c nhi\u1ec7m v\u1ee5 c\u1ee7a Kan Academy.<br \/>Do \u0111\u00f3, ch\u00fang t\u00f4i s\u1ebd kh\u00f4ng th\u1ec3 tr\u1ea3 l\u1eddi b\u1ea1n v\u1ec1 ch\u1ee7 \u0111\u1ec1 n\u00e0y.<\/p>\t\t\t\t\t\t<\/div>\n\t\t\t\t<\/div>\n\t\t\t\t\t<\/div>\n\t\t<\/div>\n\t\t\t\t\t\t\t<\/div>\n\t\t<\/section>\n\t\t\t\t<section class=\"elementor-section elementor-top-section elementor-element elementor-element-cced7fb elementor-section-boxed elementor-section-height-default elementor-section-height-default\" data-id=\"cced7fb\" data-element_type=\"section\">\n\t\t\t\t\t\t<div class=\"elementor-container elementor-column-gap-default\">\n\t\t\t\t\t<div class=\"elementor-column elementor-col-100 elementor-top-column elementor-element elementor-element-73f81b0\" data-id=\"73f81b0\" data-element_type=\"column\">\n\t\t\t<div class=\"elementor-widget-wrap elementor-element-populated\">\n\t\t\t\t\t\t\t\t<div class=\"elementor-element elementor-element-b675dff elementor-widget elementor-widget-hubspot-meeting\" data-id=\"b675dff\" data-element_type=\"widget\" data-widget_type=\"hubspot-meeting.default\">\n\t\t\t\t<div class=\"elementor-widget-container\">\n\t\t\t\n\t\t<div class=\"meetings-iframe-container\" data-src=\"https:\/\/meetings.hubspot.com\/group-thegioinhanh?embed=true\"><\/div>\n\t\t<script>\n\t\t\tif(window.hbspt && window.hbspt.meetings){\n\t\t\t\twindow.hbspt.meetings.create(\".meetings-iframe-container\");\n\t\t\t}\n\t\t\t<\/script>\n\t\t\t\t<\/div>\n\t\t\t\t<\/div>\n\t\t\t\t\t<\/div>\n\t\t<\/div>\n\t\t\t\t\t\t\t<\/div>\n\t\t<\/section>\n\t\t\t\t<section class=\"elementor-section elementor-top-section elementor-element elementor-element-63155a9 elementor-section-boxed elementor-section-height-default elementor-section-height-default\" data-id=\"63155a9\" data-element_type=\"section\">\n\t\t\t\t\t\t<div class=\"elementor-container elementor-column-gap-default\">\n\t\t\t\t\t<div class=\"elementor-column elementor-col-100 elementor-top-column elementor-element elementor-element-ee2559a\" data-id=\"ee2559a\" data-element_type=\"column\">\n\t\t\t<div class=\"elementor-widget-wrap elementor-element-populated\">\n\t\t\t\t\t\t\t\t<div class=\"elementor-element elementor-element-8618908 elementor-widget elementor-widget-elementskit-client-logo\" data-id=\"8618908\" data-element_type=\"widget\" data-widget_type=\"elementskit-client-logo.default\">\n\t\t\t\t<div class=\"elementor-widget-container\">\n\t\t\t<div class=\"ekit-wid-con\" >        <div class=\"elementskit-clients-slider slick-slider  simple_logo_image\" data-config=\"{&quot;rtl&quot;:false,&quot;arrows&quot;:false,&quot;dots&quot;:false,&quot;pauseOnHover&quot;:false,&quot;autoplay&quot;:false,&quot;speed&quot;:1000,&quot;slidesPerView&quot;:4,&quot;slidesPerGroup&quot;:1,&quot;slidesPerColumn&quot;:1,&quot;loop&quot;:false,&quot;breakpoints&quot;:{&quot;320&quot;:{&quot;slidesPerView&quot;:1,&quot;slidesPerGroup&quot;:1},&quot;768&quot;:{&quot;slidesPerView&quot;:2,&quot;slidesPerGroup&quot;:1},&quot;1024&quot;:{&quot;slidesPerView&quot;:4,&quot;slidesPerGroup&quot;:1}}}\" data-direction=\"\">\n            <div class=\"swiper-container\">\n                <div class=\"slick-list swiper-wrapper\">\n                                            <div class=\"elementskit-client-slider-item swiper-slide\">\n                            <div class=\"slick-slide\">\n                                <div class=\"single-client image-switcher\" title=\"Title #1\">\n                                    \n                                        <div class=\"content-image\">\n\n\t\t\t\t\t\t\t\t\t\t\t<img decoding=\"async\" width=\"289\" height=\"37\" src=\"https:\/\/kan.edu.vn\/wp-content\/uploads\/2022\/12\/Logo.svg\" class=\"\" alt=\"\" loading=\"lazy\" \/>                                        <\/div>\n\n                                    \n                                <\/div>\n                            <\/div>\n                        <\/div>\n\n                                            <div class=\"elementskit-client-slider-item swiper-slide\">\n                            <div class=\"slick-slide\">\n                                <div class=\"single-client image-switcher\" title=\"Title #2\">\n                                    \n                                        <div class=\"content-image\">\n\n\t\t\t\t\t\t\t\t\t\t\t<img decoding=\"async\" width=\"218\" height=\"80\" src=\"https:\/\/kan.edu.vn\/wp-content\/uploads\/2022\/12\/lindik.png\" class=\"\" alt=\"\" loading=\"lazy\" \/>                                        <\/div>\n\n                                    \n                                <\/div>\n                            <\/div>\n                        <\/div>\n\n                                            <div class=\"elementskit-client-slider-item swiper-slide\">\n                            <div class=\"slick-slide\">\n                                <div class=\"single-client image-switcher\" title=\"Title #3\">\n                                    \n                                        <div class=\"content-image\">\n\n\t\t\t\t\t\t\t\t\t\t\t<img decoding=\"async\" width=\"300\" height=\"150\" src=\"https:\/\/kan.edu.vn\/wp-content\/uploads\/2022\/12\/6277aba2896c2644af38fbe3_Logo_EDTech_Color_2-300x150-1.png\" class=\"\" alt=\"\" loading=\"lazy\" \/>                                        <\/div>\n\n                                    \n                                <\/div>\n                            <\/div>\n                        <\/div>\n\n                                            <div class=\"elementskit-client-slider-item swiper-slide\">\n                            <div class=\"slick-slide\">\n                                <div class=\"single-client image-switcher\" title=\"Title #4\">\n                                    \n                                        <div class=\"content-image\">\n\n\t\t\t\t\t\t\t\t\t\t\t<img decoding=\"async\" width=\"275\" height=\"75\" src=\"https:\/\/kan.edu.vn\/wp-content\/uploads\/2022\/12\/khanedemy.png\" class=\"\" alt=\"\" loading=\"lazy\" \/>                                        <\/div>\n\n                                    \n                                <\/div>\n                            <\/div>\n                        <\/div>\n\n                                            <div class=\"elementskit-client-slider-item swiper-slide\">\n                            <div class=\"slick-slide\">\n                                <div class=\"single-client image-switcher\" title=\"Title #5\">\n                                    \n                                        <div class=\"content-image\">\n\n\t\t\t\t\t\t\t\t\t\t\t<img decoding=\"async\" src=\"https:\/\/kan.edu.vn\/wp-content\/plugins\/elementor\/assets\/images\/placeholder.png\" title=\"\" alt=\"\" \/>                                        <\/div>\n\n                                    \n                                <\/div>\n                            <\/div>\n                        <\/div>\n\n                                            <div class=\"elementskit-client-slider-item swiper-slide\">\n                            <div class=\"slick-slide\">\n                                <div class=\"single-client image-switcher\" title=\"List Title\">\n                                    \n                                        <div class=\"content-image\">\n\n\t\t\t\t\t\t\t\t\t\t\t<img decoding=\"async\" src=\"https:\/\/kan.edu.vn\/wp-content\/plugins\/elementor\/assets\/images\/placeholder.png\" title=\"\" alt=\"\" \/>                                        <\/div>\n\n                                    \n                                <\/div>\n                            <\/div>\n                        <\/div>\n\n                                            <div class=\"elementskit-client-slider-item swiper-slide\">\n                            <div class=\"slick-slide\">\n                                <div class=\"single-client image-switcher\" title=\"List Title\">\n                                    \n                                        <div class=\"content-image\">\n\n\t\t\t\t\t\t\t\t\t\t\t<img decoding=\"async\" src=\"https:\/\/kan.edu.vn\/wp-content\/plugins\/elementor\/assets\/images\/placeholder.png\" title=\"\" alt=\"\" \/>                                        <\/div>\n\n                                    \n                                <\/div>\n                            <\/div>\n                        <\/div>\n\n                                            <div class=\"elementskit-client-slider-item swiper-slide\">\n                            <div class=\"slick-slide\">\n                                <div class=\"single-client image-switcher\" title=\"List Title\">\n                                    \n                                        <div class=\"content-image\">\n\n\t\t\t\t\t\t\t\t\t\t\t<img decoding=\"async\" src=\"https:\/\/kan.edu.vn\/wp-content\/plugins\/elementor\/assets\/images\/placeholder.png\" title=\"\" alt=\"\" \/>                                        <\/div>\n\n                                    \n                                <\/div>\n                            <\/div>\n                        <\/div>\n\n                                            <div class=\"elementskit-client-slider-item swiper-slide\">\n                            <div class=\"slick-slide\">\n                                <div class=\"single-client image-switcher\" title=\"List Title\">\n                                    \n                                        <div class=\"content-image\">\n\n\t\t\t\t\t\t\t\t\t\t\t<img decoding=\"async\" src=\"https:\/\/kan.edu.vn\/wp-content\/plugins\/elementor\/assets\/images\/placeholder.png\" title=\"\" alt=\"\" \/>                                        <\/div>\n\n                                    \n                                <\/div>\n                            <\/div>\n                        <\/div>\n\n                                            <div class=\"elementskit-client-slider-item swiper-slide\">\n                            <div class=\"slick-slide\">\n                                <div class=\"single-client image-switcher\" title=\"List Title\">\n                                    \n                                        <div class=\"content-image\">\n\n\t\t\t\t\t\t\t\t\t\t\t<img decoding=\"async\" src=\"https:\/\/kan.edu.vn\/wp-content\/plugins\/elementor\/assets\/images\/placeholder.png\" title=\"\" alt=\"\" \/>                                        <\/div>\n\n                                    \n                                <\/div>\n                            <\/div>\n                        <\/div>\n\n                                            <div class=\"elementskit-client-slider-item swiper-slide\">\n                            <div class=\"slick-slide\">\n                                <div class=\"single-client image-switcher\" title=\"List Title\">\n                                    \n                                        <div class=\"content-image\">\n\n\t\t\t\t\t\t\t\t\t\t\t<img decoding=\"async\" src=\"https:\/\/kan.edu.vn\/wp-content\/plugins\/elementor\/assets\/images\/placeholder.png\" title=\"\" alt=\"\" \/>                                        <\/div>\n\n                                    \n                                <\/div>\n                            <\/div>\n                        <\/div>\n\n                                    <\/div>\n\n            <\/div><!-- .elementskit-clients-slider END -->\n           \n            <ul class=\"slick-dots swiper-pagination swiper-pagination-clickable swiper-pagination-bullets\"><\/ul>\n                    <\/div>\n\n    <\/div>\t\t<\/div>\n\t\t\t\t<\/div>\n\t\t\t\t\t<\/div>\n\t\t<\/div>\n\t\t\t\t\t\t\t<\/div>\n\t\t<\/section>\n\t\t\t\t\t\t\t<\/div>","protected":false},"excerpt":{"rendered":"<p>Kan Academy tr\u1ea3 l\u1eddi t\u1ea5t c\u1ea3 c\u00e1c c\u00e2u h\u1ecfi c\u1ee7a b\u1ea1n C\u00e1c cu\u1ed9c h\u1eb9n \u0111\u01b0\u1ee3c d\u00e0nh cho kh\u00f3a \u0111\u00e0o t\u1ea1o c\u1ee7a H\u1ecdc vi\u1ec7n Kan Academy. Ch\u00fang t\u00f4i kh\u00f4ng x\u1eed l\u00fd c\u00e1c nhi\u1ec7m v\u1ee5 c\u1ee7a Kan Academy.Do \u0111\u00f3, ch\u00fang t\u00f4i s\u1ebd kh\u00f4ng th\u1ec3 tr\u1ea3 l\u1eddi b\u1ea1n v\u1ec1 ch\u1ee7 \u0111\u1ec1 n\u00e0y.<\/p>","protected":false},"author":2,"featured_media":0,"parent":0,"menu_order":0,"comment_status":"closed","ping_status":"closed","template":"elementor_header_footer","meta":{"content-type":""},"_links":{"self":[{"href":"https:\/\/kan.edu.vn\/en\/wp-json\/wp\/v2\/pages\/3568"}],"collection":[{"href":"https:\/\/kan.edu.vn\/en\/wp-json\/wp\/v2\/pages"}],"about":[{"href":"https:\/\/kan.edu.vn\/en\/wp-json\/wp\/v2\/types\/page"}],"author":[{"embeddable":true,"href":"https:\/\/kan.edu.vn\/en\/wp-json\/wp\/v2\/users\/2"}],"replies":[{"embeddable":true,"href":"https:\/\/kan.edu.vn\/en\/wp-json\/wp\/v2\/comments?post=3568"}],"version-history":[{"count":22,"href":"https:\/\/kan.edu.vn\/en\/wp-json\/wp\/v2\/pages\/3568\/revisions"}],"predecessor-version":[{"id":3610,"href":"https:\/\/kan.edu.vn\/en\/wp-json\/wp\/v2\/pages\/3568\/revisions\/3610"}],"wp:attachment":[{"href":"https:\/\/kan.edu.vn\/en\/wp-json\/wp\/v2\/media?parent=3568"}],"curies":[{"name":"wp","href":"https:\/\/api.w.org\/{rel}","templated":true}]}}