{"id":3532,"date":"2023-01-10T10:06:12","date_gmt":"2023-01-10T03:06:12","guid":{"rendered":"http:\/\/localhost:8088\/kanedu\/?page_id=3532"},"modified":"2023-02-06T11:15:51","modified_gmt":"2023-02-06T04:15:51","slug":"dang-ki-khoa-hoc","status":"publish","type":"page","link":"https:\/\/kan.edu.vn\/en\/dang-ki-khoa-hoc\/","title":{"rendered":"\u0110\u0102NG K\u00cd KH\u00d3A H\u1eccC"},"content":{"rendered":"<div data-elementor-type=\"wp-page\" data-elementor-id=\"3532\" class=\"elementor elementor-3532\">\n\t\t\t\t\t\t\t\t\t<section class=\"elementor-section elementor-top-section elementor-element elementor-element-f18cba7 elementor-section-boxed elementor-section-height-default elementor-section-height-default\" data-id=\"f18cba7\" data-element_type=\"section\">\n\t\t\t\t\t\t<div class=\"elementor-container elementor-column-gap-default\">\n\t\t\t\t\t<div class=\"elementor-column elementor-col-100 elementor-top-column elementor-element elementor-element-b1ddeec\" data-id=\"b1ddeec\" data-element_type=\"column\">\n\t\t\t<div class=\"elementor-widget-wrap elementor-element-populated\">\n\t\t\t\t\t\t\t\t<div class=\"elementor-element elementor-element-6ed87d2 elementor-widget elementor-widget-heading\" data-id=\"6ed87d2\" data-element_type=\"widget\" data-widget_type=\"heading.default\">\n\t\t\t\t<div class=\"elementor-widget-container\">\n\t\t\t<style>\/*! elementor - v3.9.0 - 06-12-2022 *\/\n.elementor-heading-title{padding:0;margin:0;line-height:1}.elementor-widget-heading .elementor-heading-title[class*=elementor-size-]>a{color:inherit;font-size:inherit;line-height:inherit}.elementor-widget-heading .elementor-heading-title.elementor-size-small{font-size:15px}.elementor-widget-heading .elementor-heading-title.elementor-size-medium{font-size:19px}.elementor-widget-heading .elementor-heading-title.elementor-size-large{font-size:29px}.elementor-widget-heading .elementor-heading-title.elementor-size-xl{font-size:39px}.elementor-widget-heading .elementor-heading-title.elementor-size-xxl{font-size:59px}<\/style><h2 class=\"elementor-heading-title elementor-size-large\">\u0110\u0102NG K\u00dd TR\u01af\u1edaC<\/h2>\t\t<\/div>\n\t\t\t\t<\/div>\n\t\t\t\t\t<\/div>\n\t\t<\/div>\n\t\t\t\t\t\t\t<\/div>\n\t\t<\/section>\n\t\t\t\t<section class=\"elementor-section elementor-top-section elementor-element elementor-element-293e005 elementor-section-boxed elementor-section-height-default elementor-section-height-default\" data-id=\"293e005\" data-element_type=\"section\">\n\t\t\t\t\t\t<div class=\"elementor-container elementor-column-gap-default\">\n\t\t\t\t\t<div class=\"elementor-column elementor-col-100 elementor-top-column elementor-element elementor-element-bdb6ad1\" data-id=\"bdb6ad1\" data-element_type=\"column\">\n\t\t\t<div class=\"elementor-widget-wrap elementor-element-populated\">\n\t\t\t\t\t\t\t\t<div class=\"elementor-element elementor-element-d08e966 elementor-widget elementor-widget-elementskit-contact-form7\" data-id=\"d08e966\" data-element_type=\"widget\" data-widget_type=\"elementskit-contact-form7.default\">\n\t\t\t\t<div class=\"elementor-widget-container\">\n\t\t\t<div class=\"ekit-wid-con\" ><div class=\"ekit-form\"><div role=\"form\" class=\"wpcf7\" id=\"wpcf7-f3536-o1\" lang=\"vi\" dir=\"ltr\">\n<div class=\"screen-reader-response\"><p role=\"status\" aria-live=\"polite\" aria-atomic=\"true\"><\/p> <ul><\/ul><\/div>\n<form action=\"\/en\/wp-json\/wp\/v2\/pages\/3532#wpcf7-f3536-o1\" method=\"post\" class=\"wpcf7-form init\" novalidate=\"novalidate\" data-status=\"init\" data-trp-original-action=\"\/en\/wp-json\/wp\/v2\/pages\/3532#wpcf7-f3536-o1\">\n<div style=\"display: none;\">\n<input type=\"hidden\" name=\"_wpcf7\" value=\"3536\" \/>\n<input type=\"hidden\" name=\"_wpcf7_version\" value=\"5.6.4\" \/>\n<input type=\"hidden\" name=\"_wpcf7_locale\" value=\"vi\" \/>\n<input type=\"hidden\" name=\"_wpcf7_unit_tag\" value=\"wpcf7-f3536-o1\" \/>\n<input type=\"hidden\" name=\"_wpcf7_container_post\" value=\"0\" \/>\n<input type=\"hidden\" name=\"_wpcf7_posted_data_hash\" value=\"\" \/>\n<\/div>\n<div id=\"khoahoc-form\" class=\"clearfix\">\n<div class=\"form-row-0\">\n<div class=\"column-full\">H\u1ecd t\u00ean <span style=\"color:red\">*<span><span class=\"wpcf7-form-control-wrap\" data-name=\"your-name\"><input type=\"text\" name=\"your-name\" value=\"\" size=\"40\" class=\"wpcf7-form-control wpcf7-text wpcf7-validates-as-required\" aria-required=\"true\" aria-invalid=\"false\" \/><\/span><\/div>\n<\/div>\n<div class=\"form-row-1\">\n<div class=\"column-full\">Email <span style=\"color:red\">*<span><span class=\"wpcf7-form-control-wrap\" data-name=\"your-email\"><input type=\"email\" name=\"your-email\" value=\"\" size=\"40\" class=\"wpcf7-form-control wpcf7-text wpcf7-email wpcf7-validates-as-required wpcf7-validates-as-email\" aria-required=\"true\" aria-invalid=\"false\" \/><\/span><\/div>\n<\/div>\n<div class=\"form-row-2\">\n<div class=\"column-full\">S\u1ed1 \u0111i\u1ec7n tho\u1ea1i <span style=\"color:red\">*<span><span class=\"wpcf7-form-control-wrap\" data-name=\"tel-870\"><input type=\"tel\" name=\"tel-870\" value=\"\" size=\"40\" class=\"wpcf7-form-control wpcf7-text wpcf7-tel wpcf7-validates-as-required wpcf7-validates-as-tel\" aria-required=\"true\" aria-invalid=\"false\" \/><\/span><\/div>\n<\/div>\n<div class=\"form-row-3\">\n<div class=\"column-full\">Ch\u1ecdn m\u1ed9t kh\u00f3a \u0111\u00e0o t\u1ea1o <span style=\"color:red\">*<span><br \/>\n                <span class=\"wpcf7-form-control-wrap\" data-name=\"drop-down\"><select name=\"drop-down\" class=\"wpcf7-form-control wpcf7-select wpcf7-validates-as-required form-control\" aria-required=\"true\" aria-invalid=\"false\"><option value=\"Xin vui l\u00f2ng ch\u1ecdn m\u1ed9t kh\u00f3a h\u1ecdc\">Xin vui l\u00f2ng ch\u1ecdn m\u1ed9t kh\u00f3a h\u1ecdc<\/option><option value=\"Java\">Java<\/option><option value=\"Python\">Python<\/option><option value=\"Soft Skills\">Soft Skills<\/option><option value=\"Angular\">Angular<\/option><option value=\"C#\">C#<\/option><option value=\"React JS\">React JS<\/option><option value=\"QA\">QA<\/option><option value=\"Wordpress\">WordPress<\/option><option value=\"React Native\">React Native<\/option><\/select><\/span><br \/>\n           <script type=\"text\/javascript\">\n            (function( $ ) {\n            'use strict';\n            $(document).ready( function(){\n            var $option = $('option:contains(\"Xin vui l\u00f2ng ch\u1ecdn m\u1ed9t kh\u00f3a h\u1ecdc\")');\n            $option.attr('disabled',true);\n            });\n            })(jQuery)\n           <\/script>\n         <\/div>\n<\/div>\n<div class=\"form-row-4\">\n<div class=\"column-full\">Ghi ch\u00fa <span class=\"wpcf7-form-control-wrap\" data-name=\"textarea-791\"><textarea name=\"textarea-791\" cols=\"40\" rows=\"10\" class=\"wpcf7-form-control wpcf7-textarea\" aria-invalid=\"false\"><\/textarea><\/span><\/div>\n<\/div>\n<div class=\"form-row-5\">\n<div class=\"column-full\"><input type=\"submit\" value=\"G\u1eedi\" class=\"wpcf7-form-control has-spinner wpcf7-submit\" \/><\/div>\n<\/div>\n<\/div>\n<div class=\"wpcf7-response-output\" aria-hidden=\"true\"><\/div><input type=\"hidden\" name=\"trp-form-language\" value=\"en\"\/><\/form><\/div><\/div><\/div>\t\t<\/div>\n\t\t\t\t<\/div>\n\t\t\t\t\t<\/div>\n\t\t<\/div>\n\t\t\t\t\t\t\t<\/div>\n\t\t<\/section>\n\t\t\t\t<section class=\"elementor-section elementor-top-section elementor-element elementor-element-70e66b6 elementor-section-boxed elementor-section-height-default elementor-section-height-default\" data-id=\"70e66b6\" data-element_type=\"section\">\n\t\t\t\t\t\t<div class=\"elementor-container elementor-column-gap-default\">\n\t\t\t\t\t<div class=\"elementor-column elementor-col-100 elementor-top-column elementor-element elementor-element-648a2e4\" data-id=\"648a2e4\" data-element_type=\"column\">\n\t\t\t<div class=\"elementor-widget-wrap elementor-element-populated\">\n\t\t\t\t\t\t\t\t<div class=\"elementor-element elementor-element-9eb342d elementor-widget elementor-widget-elementskit-client-logo\" data-id=\"9eb342d\" data-element_type=\"widget\" data-widget_type=\"elementskit-client-logo.default\">\n\t\t\t\t<div class=\"elementor-widget-container\">\n\t\t\t<div class=\"ekit-wid-con\" >        <div class=\"elementskit-clients-slider slick-slider  simple_logo_image\" data-config=\"{&quot;rtl&quot;:false,&quot;arrows&quot;:false,&quot;dots&quot;:false,&quot;pauseOnHover&quot;:false,&quot;autoplay&quot;:false,&quot;speed&quot;:1000,&quot;slidesPerView&quot;:4,&quot;slidesPerGroup&quot;:1,&quot;slidesPerColumn&quot;:1,&quot;loop&quot;:false,&quot;breakpoints&quot;:{&quot;320&quot;:{&quot;slidesPerView&quot;:1,&quot;slidesPerGroup&quot;:1},&quot;768&quot;:{&quot;slidesPerView&quot;:2,&quot;slidesPerGroup&quot;:1},&quot;1024&quot;:{&quot;slidesPerView&quot;:4,&quot;slidesPerGroup&quot;:1}}}\" data-direction=\"\">\n            <div class=\"swiper-container\">\n                <div class=\"slick-list swiper-wrapper\">\n                                            <div class=\"elementskit-client-slider-item swiper-slide\">\n                            <div class=\"slick-slide\">\n                                <div class=\"single-client image-switcher\" title=\"Title #1\">\n                                    \n                                        <div class=\"content-image\">\n\n\t\t\t\t\t\t\t\t\t\t\t<img decoding=\"async\" width=\"289\" height=\"37\" src=\"https:\/\/kan.edu.vn\/wp-content\/uploads\/2022\/12\/Logo.svg\" class=\"\" alt=\"\" loading=\"lazy\" \/>                                        <\/div>\n\n                                    \n                                <\/div>\n                            <\/div>\n                        <\/div>\n\n                                            <div class=\"elementskit-client-slider-item swiper-slide\">\n                            <div class=\"slick-slide\">\n                                <div class=\"single-client image-switcher\" title=\"Title #2\">\n                                    \n                                        <div class=\"content-image\">\n\n\t\t\t\t\t\t\t\t\t\t\t<img decoding=\"async\" width=\"218\" height=\"80\" src=\"https:\/\/kan.edu.vn\/wp-content\/uploads\/2022\/12\/lindik.png\" class=\"\" alt=\"\" loading=\"lazy\" \/>                                        <\/div>\n\n                                    \n                                <\/div>\n                            <\/div>\n                        <\/div>\n\n                                            <div class=\"elementskit-client-slider-item swiper-slide\">\n                            <div class=\"slick-slide\">\n                                <div class=\"single-client image-switcher\" title=\"Title #3\">\n                                    \n                                        <div class=\"content-image\">\n\n\t\t\t\t\t\t\t\t\t\t\t<img decoding=\"async\" width=\"300\" height=\"150\" src=\"https:\/\/kan.edu.vn\/wp-content\/uploads\/2022\/12\/6277aba2896c2644af38fbe3_Logo_EDTech_Color_2-300x150-1.png\" class=\"\" alt=\"\" loading=\"lazy\" \/>                                        <\/div>\n\n                                    \n                                <\/div>\n                            <\/div>\n                        <\/div>\n\n                                            <div class=\"elementskit-client-slider-item swiper-slide\">\n                            <div class=\"slick-slide\">\n                                <div class=\"single-client image-switcher\" title=\"Title #4\">\n                                    \n                                        <div class=\"content-image\">\n\n\t\t\t\t\t\t\t\t\t\t\t<img decoding=\"async\" width=\"275\" height=\"75\" src=\"https:\/\/kan.edu.vn\/wp-content\/uploads\/2022\/12\/khanedemy.png\" class=\"\" alt=\"\" loading=\"lazy\" \/>                                        <\/div>\n\n                                    \n                                <\/div>\n                            <\/div>\n                        <\/div>\n\n                                            <div class=\"elementskit-client-slider-item swiper-slide\">\n                            <div class=\"slick-slide\">\n                                <div class=\"single-client image-switcher\" title=\"Title #5\">\n                                    \n                                        <div class=\"content-image\">\n\n\t\t\t\t\t\t\t\t\t\t\t<img decoding=\"async\" width=\"233\" height=\"100\" src=\"https:\/\/kan.edu.vn\/wp-content\/uploads\/2022\/12\/b14314f3-c112-431a-b20e-376410882f2f.jpeg\" class=\"\" alt=\"\" loading=\"lazy\" \/>                                        <\/div>\n\n                                    \n                                <\/div>\n                            <\/div>\n                        <\/div>\n\n                                            <div class=\"elementskit-client-slider-item swiper-slide\">\n                            <div class=\"slick-slide\">\n                                <div class=\"single-client image-switcher\" title=\"Title #6\">\n                                    \n                                        <div class=\"content-image\">\n\n\t\t\t\t\t\t\t\t\t\t\t<img decoding=\"async\" width=\"327\" height=\"122\" src=\"https:\/\/kan.edu.vn\/wp-content\/uploads\/2022\/12\/LOGO-CHOT.png\" class=\"\" alt=\"\" loading=\"lazy\" \/>                                        <\/div>\n\n                                    \n                                <\/div>\n                            <\/div>\n                        <\/div>\n\n                                            <div class=\"elementskit-client-slider-item swiper-slide\">\n                            <div class=\"slick-slide\">\n                                <div class=\"single-client image-switcher\" title=\"Title #7\">\n                                    \n                                        <div class=\"content-image\">\n\n\t\t\t\t\t\t\t\t\t\t\t<img decoding=\"async\" width=\"1680\" height=\"1192\" src=\"https:\/\/kan.edu.vn\/wp-content\/uploads\/2022\/12\/FPT_Software_H@4x.png\" class=\"\" alt=\"\" loading=\"lazy\" \/>                                        <\/div>\n\n                                    \n                                <\/div>\n                            <\/div>\n                        <\/div>\n\n                                            <div class=\"elementskit-client-slider-item swiper-slide\">\n                            <div class=\"slick-slide\">\n                                <div class=\"single-client image-switcher\" title=\"Title #8\">\n                                    \n                                        <div class=\"content-image\">\n\n\t\t\t\t\t\t\t\t\t\t\t<img decoding=\"async\" width=\"609\" height=\"281\" src=\"https:\/\/kan.edu.vn\/wp-content\/uploads\/2022\/12\/TMA-Logo.png\" class=\"\" alt=\"\" loading=\"lazy\" \/>                                        <\/div>\n\n                                    \n                                <\/div>\n                            <\/div>\n                        <\/div>\n\n                                            <div class=\"elementskit-client-slider-item swiper-slide\">\n                            <div class=\"slick-slide\">\n                                <div class=\"single-client image-switcher\" title=\"Title #9\">\n                                    \n                                        <div class=\"content-image\">\n\n\t\t\t\t\t\t\t\t\t\t\t<img decoding=\"async\" width=\"1024\" height=\"480\" src=\"https:\/\/kan.edu.vn\/wp-content\/uploads\/2022\/12\/J9GsAbjhO0WUG1oc0Kl4.jpg\" class=\"\" alt=\"\" loading=\"lazy\" \/>                                        <\/div>\n\n                                    \n                                <\/div>\n                            <\/div>\n                        <\/div>\n\n                                            <div class=\"elementskit-client-slider-item swiper-slide\">\n                            <div class=\"slick-slide\">\n                                <div class=\"single-client image-switcher\" title=\"Title #10\">\n                                    \n                                        <div class=\"content-image\">\n\n\t\t\t\t\t\t\t\t\t\t\t<img decoding=\"async\" width=\"2480\" height=\"1181\" src=\"https:\/\/kan.edu.vn\/wp-content\/uploads\/2022\/12\/top-10-website-tuyen-dung-uy-tin-nhat-hien-nay-9.jpg\" class=\"\" alt=\"\" loading=\"lazy\" \/>                                        <\/div>\n\n                                    \n                                <\/div>\n                            <\/div>\n                        <\/div>\n\n                                            <div class=\"elementskit-client-slider-item swiper-slide\">\n                            <div class=\"slick-slide\">\n                                <div class=\"single-client image-switcher\" title=\"Title #11\">\n                                    \n                                        <div class=\"content-image\">\n\n\t\t\t\t\t\t\t\t\t\t\t<img decoding=\"async\" src=\"https:\/\/kan.edu.vn\/wp-content\/plugins\/elementor\/assets\/images\/placeholder.png\" title=\"\" alt=\"\" \/>                                        <\/div>\n\n                                    \n                                <\/div>\n                            <\/div>\n                        <\/div>\n\n                                    <\/div>\n\n            <\/div><!-- .elementskit-clients-slider END -->\n           \n            <ul class=\"slick-dots swiper-pagination swiper-pagination-clickable swiper-pagination-bullets\"><\/ul>\n                    <\/div>\n\n    <\/div>\t\t<\/div>\n\t\t\t\t<\/div>\n\t\t\t\t\t<\/div>\n\t\t<\/div>\n\t\t\t\t\t\t\t<\/div>\n\t\t<\/section>\n\t\t\t\t\t\t\t<\/div>","protected":false},"excerpt":{"rendered":"<p>\u0110\u0102NG K\u00dd TR\u01af\u1edaC H\u1ecd t\u00ean * Email * S\u1ed1 \u0111i\u1ec7n tho\u1ea1i * Ch\u1ecdn m\u1ed9t kh\u00f3a \u0111\u00e0o t\u1ea1o * Xin vui l\u00f2ng ch\u1ecdn m\u1ed9t kh\u00f3a h\u1ecdcJavaPythonSoft SkillsAngularC#React JSQAWordPressReact Native Ghi ch\u00fa<\/p>","protected":false},"author":2,"featured_media":0,"parent":0,"menu_order":0,"comment_status":"closed","ping_status":"closed","template":"elementor_header_footer","meta":{"content-type":""},"_links":{"self":[{"href":"https:\/\/kan.edu.vn\/en\/wp-json\/wp\/v2\/pages\/3532"}],"collection":[{"href":"https:\/\/kan.edu.vn\/en\/wp-json\/wp\/v2\/pages"}],"about":[{"href":"https:\/\/kan.edu.vn\/en\/wp-json\/wp\/v2\/types\/page"}],"author":[{"embeddable":true,"href":"https:\/\/kan.edu.vn\/en\/wp-json\/wp\/v2\/users\/2"}],"replies":[{"embeddable":true,"href":"https:\/\/kan.edu.vn\/en\/wp-json\/wp\/v2\/comments?post=3532"}],"version-history":[{"count":25,"href":"https:\/\/kan.edu.vn\/en\/wp-json\/wp\/v2\/pages\/3532\/revisions"}],"predecessor-version":[{"id":3620,"href":"https:\/\/kan.edu.vn\/en\/wp-json\/wp\/v2\/pages\/3532\/revisions\/3620"}],"wp:attachment":[{"href":"https:\/\/kan.edu.vn\/en\/wp-json\/wp\/v2\/media?parent=3532"}],"curies":[{"name":"wp","href":"https:\/\/api.w.org\/{rel}","templated":true}]}}