{"id":341,"date":"2021-10-25T09:46:37","date_gmt":"2021-10-25T02:46:37","guid":{"rendered":"http:\/\/localhost:8088\/kanedu\/?page_id=341"},"modified":"2023-01-10T10:51:39","modified_gmt":"2023-01-10T03:51:39","slug":"lien-he","status":"publish","type":"page","link":"https:\/\/kan.edu.vn\/en\/lien-he\/","title":{"rendered":"CONTACT"},"content":{"rendered":"<div data-elementor-type=\"wp-page\" data-elementor-id=\"341\" class=\"elementor elementor-341\">\n\t\t\t\t\t\t\t\t\t<section class=\"elementor-section elementor-top-section elementor-element elementor-element-39125e3 elementor-section-boxed elementor-section-height-default elementor-section-height-default\" data-id=\"39125e3\" data-element_type=\"section\">\n\t\t\t\t\t\t<div class=\"elementor-container elementor-column-gap-default\">\n\t\t\t\t\t<div class=\"elementor-column elementor-col-50 elementor-top-column elementor-element elementor-element-97894cd\" data-id=\"97894cd\" data-element_type=\"column\">\n\t\t\t<div class=\"elementor-widget-wrap elementor-element-populated\">\n\t\t\t\t\t\t\t\t<div class=\"elementor-element elementor-element-2fede19 elementor-widget elementor-widget-elementskit-heading\" data-id=\"2fede19\" data-element_type=\"widget\" data-widget_type=\"elementskit-heading.default\">\n\t\t\t\t<div class=\"elementor-widget-container\">\n\t\t\t<div class=\"ekit-wid-con\" ><div class=\"ekit-heading elementskit-section-title-wraper text_left   ekit_heading_tablet-   ekit_heading_mobile-\"><h2 class=\"ekit-heading--title elementskit-section-title\">\n\t\t\t\t\tLi\u00ean h\u1ec7 v\u1edbi H\u1ecdc vi\u1ec7n Kan\n\t\t\t\t\t<\/h2><\/div><\/div>\t\t<\/div>\n\t\t\t\t<\/div>\n\t\t\t\t<div class=\"elementor-element elementor-element-ef85379 elementor-widget elementor-widget-text-editor\" data-id=\"ef85379\" data-element_type=\"widget\" data-widget_type=\"text-editor.default\">\n\t\t\t\t<div class=\"elementor-widget-container\">\n\t\t\t<style>\/*! elementor - v3.9.0 - 06-12-2022 *\/\n.elementor-widget-text-editor.elementor-drop-cap-view-stacked .elementor-drop-cap{background-color:#818a91;color:#fff}.elementor-widget-text-editor.elementor-drop-cap-view-framed .elementor-drop-cap{color:#818a91;border:3px solid;background-color:transparent}.elementor-widget-text-editor:not(.elementor-drop-cap-view-default) .elementor-drop-cap{margin-top:8px}.elementor-widget-text-editor:not(.elementor-drop-cap-view-default) .elementor-drop-cap-letter{width:1em;height:1em}.elementor-widget-text-editor .elementor-drop-cap{float:left;text-align:center;line-height:1;font-size:50px}.elementor-widget-text-editor .elementor-drop-cap-letter{display:inline-block}<\/style>\t\t\t\t<p style=\"text-align: left;\"><span style=\"font-weight: 400;\">M\u1ed9t c\u00e2u h\u1ecfi, m\u1ed9t nh\u1eadn x\u00e9t, m\u1ed9t g\u1ee3i \u00fd hay m\u1ed9t \u00fd t\u01b0\u1edfng h\u1ee3p t\u00e1c? Ch\u00fang t\u00f4i \u1edf \u0111\u00e2y \u0111\u1ec3 tr\u1ea3 l\u1eddi b\u1ea1n. N\u1ebfu nh\u01b0\u0303ng c\u00e2u h\u1ecfi c\u1ee7a b\u1ea1n kh\u00f4ng \u0111\u01b0\u1ee3c tr\u1ea3 l\u1eddi \u1edf tr\u00ean trang web c\u1ee7a ch\u00fang t\u00f4i ma\u0300 ba\u0323n \u0111a\u0303 ti\u0300m ki\u00ea\u0301m, thi\u0300 \u0111\u01b0\u0300ng ng\u00e2\u0300n nga\u0323i h\u00e3y g\u1eedi tin nh\u1eafn cho ch\u00fang t\u00f4i! \u01a0\u0309 th\u00f4ng tin b\u00ean pha\u0309i!<\/span><\/p>\t\t\t\t\t\t<\/div>\n\t\t\t\t<\/div>\n\t\t\t\t<div class=\"elementor-element elementor-element-763005a elementor-widget elementor-widget-text-editor\" data-id=\"763005a\" data-element_type=\"widget\" data-widget_type=\"text-editor.default\">\n\t\t\t\t<div class=\"elementor-widget-container\">\n\t\t\t\t\t\t\t<p><b data-stringify-type=\"bold\">Bi\u1ec3u m\u1eabu n\u00e0y ch\u1ec9 d\u00e0nh ri\u00eang cho vi\u1ec7c li\u00ean h\u1ec7 \u0111\u1ec3 gi\u00fap b\u1ea1n tr\u1ea3 l\u1eddi nh\u1eefng c\u00e2u h\u1ecfi tr\u00ean.<\/b><\/p><p><span style=\"font-weight: 400;\">Co\u0300n n\u00ea\u0301u Ba\u0323n \u0111ang mu\u00f4\u0301n \u0111\u0103ng ky\u0301 m\u00f4\u0323t kho\u0301a \u0111a\u0300o ta\u0323o. Ha\u0303y click \u0111\u00ea\u0309 \u0110\u0103ng ky\u0301 kho\u0301a ho\u0323c<\/span><\/p>\t\t\t\t\t\t<\/div>\n\t\t\t\t<\/div>\n\t\t\t\t<div class=\"elementor-element elementor-element-459791e elementor-widget elementor-widget-elementskit-button\" data-id=\"459791e\" data-element_type=\"widget\" data-widget_type=\"elementskit-button.default\">\n\t\t\t\t<div class=\"elementor-widget-container\">\n\t\t\t<div class=\"ekit-wid-con\" >\t\t<div class=\"ekit-btn-wraper\">\n\t\t\t\t\t\t\t<a href=\"http:\/\/157.245.51.171:200\/dang-ki-khoa-hoc\/\" class=\"elementskit-btn  whitespace--normal\" >\n\t\t\t\t\t\n\t\t\t\t\t\n\t\t\t\t\t\u0110\u0102NG K\u00cd KH\u00d3A H\u1eccC\t\t\t\t<\/a>\n\t\t\t\t\t\t<\/div>\n        <\/div>\t\t<\/div>\n\t\t\t\t<\/div>\n\t\t\t\t<div class=\"elementor-element elementor-element-022ac60 elementor-widget elementor-widget-text-editor\" data-id=\"022ac60\" data-element_type=\"widget\" data-widget_type=\"text-editor.default\">\n\t\t\t\t<div class=\"elementor-widget-container\">\n\t\t\t\t\t\t\t<p>Gi\u1eef li\u00ean l\u1ea1c<\/p>\t\t\t\t\t\t<\/div>\n\t\t\t\t<\/div>\n\t\t\t\t<div class=\"elementor-element elementor-element-792ebf9 elementor-widget elementor-widget-elementskit-social-media\" data-id=\"792ebf9\" data-element_type=\"widget\" data-widget_type=\"elementskit-social-media.default\">\n\t\t\t\t<div class=\"elementor-widget-container\">\n\t\t\t<div class=\"ekit-wid-con\" >\t\t\t <ul class=\"ekit_social_media\">\n\t\t\t\t\t\t\t\t\t\t\t\t\t\t<li class=\"elementor-repeater-item-134a7d9\">\n\t\t\t\t\t    <a\n\t\t\t\t\t\thref=\"#\" class=\"messenger\" >\n\t\t\t\t\t\t\t\t\t\t\t\t\t\t\n\t\t\t\t\t\t\t<i aria-hidden=\"true\" class=\"fab fa-facebook-messenger\"><\/i>\t\t\t\t\t\t\t\t\t\n                                                                                                            <\/a>\n                    <\/li>\n                    \t\t\t\t\t\t\t\t\t\t\t\t\t\t<li class=\"elementor-repeater-item-11b04a2\">\n\t\t\t\t\t    <a\n\t\t\t\t\t\thref=\"#\" class=\"\" >\n\t\t\t\t\t\t\t\t\t\t\t\t\t\t\n\t\t\t\t\t\t\t<svg xmlns=\"http:\/\/www.w3.org\/2000\/svg\" viewbox=\"0 0 50 50\" width=\"50px\" height=\"50px\"><path d=\"M 9 4 C 6.2504839 4 4 6.2504839 4 9 L 4 41 C 4 43.749516 6.2504839 46 9 46 L 41 46 C 43.749516 46 46 43.749516 46 41 L 46 9 C 46 6.2504839 43.749516 4 41 4 L 9 4 z M 9 6 L 15.580078 6 C 12.00899 9.7156859 10 14.518083 10 19.5 C 10 24.66 12.110156 29.599844 15.910156 33.339844 C 16.030156 33.549844 16.129922 34.579531 15.669922 35.769531 C 15.379922 36.519531 14.799687 37.499141 13.679688 37.869141 C 13.249688 38.009141 12.97 38.430859 13 38.880859 C 13.03 39.330859 13.360781 39.710781 13.800781 39.800781 C 16.670781 40.370781 18.529297 39.510078 20.029297 38.830078 C 21.379297 38.210078 22.270625 37.789609 23.640625 38.349609 C 26.440625 39.439609 29.42 40 32.5 40 C 36.593685 40 40.531459 39.000731 44 37.113281 L 44 41 C 44 42.668484 42.668484 44 41 44 L 9 44 C 7.3315161 44 6 42.668484 6 41 L 6 9 C 6 7.3315161 7.3315161 6 9 6 z M 33 15 C 33.55 15 34 15.45 34 16 L 34 25 C 34 25.55 33.55 26 33 26 C 32.45 26 32 25.55 32 25 L 32 16 C 32 15.45 32.45 15 33 15 z M 18 16 L 23 16 C 23.36 16 23.700859 16.199531 23.880859 16.519531 C 24.050859 16.829531 24.039609 17.219297 23.849609 17.529297 L 19.800781 24 L 23 24 C 23.55 24 24 24.45 24 25 C 24 25.55 23.55 26 23 26 L 18 26 C 17.64 26 17.299141 25.800469 17.119141 25.480469 C 16.949141 25.170469 16.960391 24.780703 17.150391 24.470703 L 21.199219 18 L 18 18 C 17.45 18 17 17.55 17 17 C 17 16.45 17.45 16 18 16 z M 27.5 19 C 28.11 19 28.679453 19.169219 29.189453 19.449219 C 29.369453 19.189219 29.65 19 30 19 C 30.55 19 31 19.45 31 20 L 31 25 C 31 25.55 30.55 26 30 26 C 29.65 26 29.369453 25.810781 29.189453 25.550781 C 28.679453 25.830781 28.11 26 27.5 26 C 25.57 26 24 24.43 24 22.5 C 24 20.57 25.57 19 27.5 19 z M 38.5 19 C 40.43 19 42 20.57 42 22.5 C 42 24.43 40.43 26 38.5 26 C 36.57 26 35 24.43 35 22.5 C 35 20.57 36.57 19 38.5 19 z M 27.5 21 C 27.39625 21 27.29502 21.011309 27.197266 21.03125 C 27.001758 21.071133 26.819727 21.148164 26.660156 21.255859 C 26.500586 21.363555 26.363555 21.500586 26.255859 21.660156 C 26.148164 21.819727 26.071133 22.001758 26.03125 22.197266 C 26.011309 22.29502 26 22.39625 26 22.5 C 26 22.60375 26.011309 22.70498 26.03125 22.802734 C 26.051191 22.900488 26.079297 22.994219 26.117188 23.083984 C 26.155078 23.17375 26.202012 23.260059 26.255859 23.339844 C 26.309707 23.419629 26.371641 23.492734 26.439453 23.560547 C 26.507266 23.628359 26.580371 23.690293 26.660156 23.744141 C 26.819727 23.851836 27.001758 23.928867 27.197266 23.96875 C 27.29502 23.988691 27.39625 24 27.5 24 C 27.60375 24 27.70498 23.988691 27.802734 23.96875 C 28.487012 23.82916 29 23.22625 29 22.5 C 29 21.67 28.33 21 27.5 21 z M 38.5 21 C 38.39625 21 38.29502 21.011309 38.197266 21.03125 C 38.099512 21.051191 38.005781 21.079297 37.916016 21.117188 C 37.82625 21.155078 37.739941 21.202012 37.660156 21.255859 C 37.580371 21.309707 37.507266 21.371641 37.439453 21.439453 C 37.303828 21.575078 37.192969 21.736484 37.117188 21.916016 C 37.079297 22.005781 37.051191 22.099512 37.03125 22.197266 C 37.011309 22.29502 37 22.39625 37 22.5 C 37 22.60375 37.011309 22.70498 37.03125 22.802734 C 37.051191 22.900488 37.079297 22.994219 37.117188 23.083984 C 37.155078 23.17375 37.202012 23.260059 37.255859 23.339844 C 37.309707 23.419629 37.371641 23.492734 37.439453 23.560547 C 37.507266 23.628359 37.580371 23.690293 37.660156 23.744141 C 37.739941 23.797988 37.82625 23.844922 37.916016 23.882812 C 38.005781 23.920703 38.099512 23.948809 38.197266 23.96875 C 38.29502 23.988691 38.39625 24 38.5 24 C 38.60375 24 38.70498 23.988691 38.802734 23.96875 C 39.487012 23.82916 40 23.22625 40 22.5 C 40 21.67 39.33 21 38.5 21 z\"><\/path><\/svg>\t\t\t\t\t\t\t\t\t\n                                                                                                            <\/a>\n                    <\/li>\n                    \t\t\t\t\t\t\t<\/ul>\n\t\t<\/div>\t\t<\/div>\n\t\t\t\t<\/div>\n\t\t\t\t\t<\/div>\n\t\t<\/div>\n\t\t\t\t<div class=\"elementor-column elementor-col-50 elementor-top-column elementor-element elementor-element-8f85ce4\" data-id=\"8f85ce4\" data-element_type=\"column\" data-settings=\"{&quot;background_background&quot;:&quot;classic&quot;}\">\n\t\t\t<div class=\"elementor-widget-wrap elementor-element-populated\">\n\t\t\t\t\t\t\t\t<div class=\"elementor-element elementor-element-ce47639 elementor-widget elementor-widget-elementskit-contact-form7\" data-id=\"ce47639\" data-element_type=\"widget\" data-widget_type=\"elementskit-contact-form7.default\">\n\t\t\t\t<div class=\"elementor-widget-container\">\n\t\t\t<div class=\"ekit-wid-con\" ><div class=\"ekit-form\"><div role=\"form\" class=\"wpcf7\" id=\"wpcf7-f1950-o1\" lang=\"en-US\" dir=\"ltr\">\n<div class=\"screen-reader-response\"><p role=\"status\" aria-live=\"polite\" aria-atomic=\"true\"><\/p> <ul><\/ul><\/div>\n<form action=\"\/en\/wp-json\/wp\/v2\/pages\/341#wpcf7-f1950-o1\" method=\"post\" class=\"wpcf7-form init\" novalidate=\"novalidate\" data-status=\"init\" data-trp-original-action=\"\/en\/wp-json\/wp\/v2\/pages\/341#wpcf7-f1950-o1\">\n<div style=\"display: none;\">\n<input type=\"hidden\" name=\"_wpcf7\" value=\"1950\" \/>\n<input type=\"hidden\" name=\"_wpcf7_version\" value=\"5.6.4\" \/>\n<input type=\"hidden\" name=\"_wpcf7_locale\" value=\"en_US\" \/>\n<input type=\"hidden\" name=\"_wpcf7_unit_tag\" value=\"wpcf7-f1950-o1\" \/>\n<input type=\"hidden\" name=\"_wpcf7_container_post\" value=\"0\" \/>\n<input type=\"hidden\" name=\"_wpcf7_posted_data_hash\" value=\"\" \/>\n<\/div>\n<div id=\"contact-form\" class=\"clearfix\">\n<div class=\"form-row m-0\">\n<div class=\"col-lg-6 pl-0\">H\u1ecd t\u00ean <span class=\"wpcf7-form-control-wrap\" data-name=\"first-name\"><input type=\"text\" name=\"first-name\" value=\"\" size=\"40\" class=\"wpcf7-form-control wpcf7-text wpcf7-validates-as-required\" aria-required=\"true\" aria-invalid=\"false\" \/><\/span><\/div>\n<div class=\"col-lg-6 pr-0\">S\u0110T <span class=\"wpcf7-form-control-wrap\" data-name=\"last-name\"><input type=\"text\" name=\"last-name\" value=\"\" size=\"40\" class=\"wpcf7-form-control wpcf7-text wpcf7-validates-as-required\" aria-required=\"true\" aria-invalid=\"false\" \/><\/span><\/div>\n<\/div>\n<div class=\"form-row-1\">\n<div class=\"column-full\">Email* <span class=\"wpcf7-form-control-wrap\" data-name=\"your-email\"><input type=\"email\" name=\"your-email\" value=\"\" size=\"40\" class=\"wpcf7-form-control wpcf7-text wpcf7-email wpcf7-validates-as-required wpcf7-validates-as-email\" aria-required=\"true\" aria-invalid=\"false\" \/><\/span><\/div>\n<\/div>\n<div class=\"form-row-2\">\n<div class=\"column-full\">Tin nh\u1eafn c\u1ee7a b\u1ea1n <span class=\"wpcf7-form-control-wrap\" data-name=\"your-message\"><textarea name=\"your-message\" cols=\"40\" rows=\"10\" class=\"wpcf7-form-control wpcf7-textarea\" aria-invalid=\"false\"><\/textarea><\/span><\/div>\n<\/div>\n<div class=\"form-row-3\">\n<div class=\"column-full\"><input type=\"submit\" value=\"G\u1eedi\" class=\"wpcf7-form-control has-spinner wpcf7-submit\" \/><\/div>\n<\/div>\n<\/div>\n<div class=\"wpcf7-response-output\" aria-hidden=\"true\"><\/div><input type=\"hidden\" name=\"trp-form-language\" value=\"en\"\/><\/form><\/div><\/div><\/div>\t\t<\/div>\n\t\t\t\t<\/div>\n\t\t\t\t\t<\/div>\n\t\t<\/div>\n\t\t\t\t\t\t\t<\/div>\n\t\t<\/section>\n\t\t\t\t\t\t\t<\/div>","protected":false},"excerpt":{"rendered":"<p>Li\u00ean h\u1ec7 v\u1edbi H\u1ecdc vi\u1ec7n Kan M\u1ed9t c\u00e2u h\u1ecfi, m\u1ed9t nh\u1eadn x\u00e9t, m\u1ed9t g\u1ee3i \u00fd hay m\u1ed9t \u00fd t\u01b0\u1edfng h\u1ee3p t\u00e1c? Ch\u00fang t\u00f4i \u1edf \u0111\u00e2y \u0111\u1ec3 tr\u1ea3 l\u1eddi b\u1ea1n. N\u1ebfu nh\u01b0\u0303ng c\u00e2u h\u1ecfi c\u1ee7a b\u1ea1n kh\u00f4ng \u0111\u01b0\u1ee3c tr\u1ea3 l\u1eddi \u1edf tr\u00ean trang web c\u1ee7a ch\u00fang t\u00f4i ma\u0300 ba\u0323n \u0111a\u0303 ti\u0300m ki\u00ea\u0301m, thi\u0300 \u0111\u01b0\u0300ng ng\u00e2\u0300n nga\u0323i [&hellip;]<\/p>","protected":false},"author":1,"featured_media":0,"parent":0,"menu_order":0,"comment_status":"closed","ping_status":"closed","template":"elementor_header_footer","meta":{"content-type":""},"_links":{"self":[{"href":"https:\/\/kan.edu.vn\/en\/wp-json\/wp\/v2\/pages\/341"}],"collection":[{"href":"https:\/\/kan.edu.vn\/en\/wp-json\/wp\/v2\/pages"}],"about":[{"href":"https:\/\/kan.edu.vn\/en\/wp-json\/wp\/v2\/types\/page"}],"author":[{"embeddable":true,"href":"https:\/\/kan.edu.vn\/en\/wp-json\/wp\/v2\/users\/1"}],"replies":[{"embeddable":true,"href":"https:\/\/kan.edu.vn\/en\/wp-json\/wp\/v2\/comments?post=341"}],"version-history":[{"count":46,"href":"https:\/\/kan.edu.vn\/en\/wp-json\/wp\/v2\/pages\/341\/revisions"}],"predecessor-version":[{"id":3546,"href":"https:\/\/kan.edu.vn\/en\/wp-json\/wp\/v2\/pages\/341\/revisions\/3546"}],"wp:attachment":[{"href":"https:\/\/kan.edu.vn\/en\/wp-json\/wp\/v2\/media?parent=341"}],"curies":[{"name":"wp","href":"https:\/\/api.w.org\/{rel}","templated":true}]}}